{"id":6074056,"date":"2025-07-16T13:21:24","date_gmt":"2025-07-16T11:21:24","guid":{"rendered":"https:\/\/bt25.wpm24.de\/shop\/unkategorisiert\/entgratbuerstenteller-2\/"},"modified":"2026-03-21T10:57:54","modified_gmt":"2026-03-21T09:57:54","slug":"deburring-brush-disc-2","status":"publish","type":"product","link":"https:\/\/boeck-technology.de\/en\/shop\/zerspanungswerkzeuge\/entgraten-verrunden-finish\/entgratbuerstenteller\/","title":{"rendered":"Deburring brush disc"},"content":{"rendered":"<p>The deburring brush disc is a versatile tool for precise surface finishing and deburring in industrial applications. It is available in various grit sizes and stages of development and can be operated with clockwise, counterclockwise, or neutral rotation, depending on the requirements. The different bristle heights and angles allow for optimal adaptation to specific applications. With its robust construction and precisely fitting mount, the disc guarantees efficient and gentle processing of workpiece edges.<\/p>","protected":false},"excerpt":{"rendered":"<ul>\n<li>Verf\u00fcgbar in mehreren K\u00f6rnungen (60, 80, 120) f\u00fcr variable Oberfl\u00e4chenqualit\u00e4t<\/li>\n<li>Anpassbare Besatzh\u00f6he (18mm bis 50mm) und -neigung (+15\u00b0 bis -15\u00b0)<\/li>\n<li>Geeignet f\u00fcr Rechtslauf, Linkslauf und neutrale Drehrichtung<\/li>\n<li>Auswahl an Durchmessern (115, 125, 155 mm) f\u00fcr unterschiedliche Einsatzbereiche<\/li>\n<li>Passgenaue Aufnahmeoptionen: Bohrung 25 mm oder QUICK-System<\/li>\n<\/ul>","protected":false},"featured_media":6074018,"template":"","meta":{"_acf_changed":false},"product_brand":[],"product_cat":[2535],"product_tag":[],"class_list":{"0":"post-6074056","1":"product","2":"type-product","3":"status-publish","4":"has-post-thumbnail","6":"product_cat-entgraten-verrunden-finish","8":"first","9":"instock","10":"purchasable","11":"product-type-simple"},"acf":[],"yoast_head":"<!-- This site is optimized with the Yoast SEO Premium plugin v18.3 (Yoast SEO v27.4) - https:\/\/yoast.com\/product\/yoast-seo-premium-wordpress\/ -->\n<title>Entgratb\u00fcrstenteller - Entgraten, Verrunden &amp; Finish - boeck GmbH<\/title>\n<meta name=\"robots\" content=\"index, follow, max-snippet:-1, max-image-preview:large, max-video-preview:-1\" \/>\n<link rel=\"canonical\" href=\"https:\/\/boeck-technology.de\/en\/shop\/cutting-tools\/deburring-edge-rounding-finishing\/deburring-brush-disc-2\/\" \/>\n<meta property=\"og:locale\" content=\"en_US\" \/>\n<meta property=\"og:type\" content=\"article\" \/>\n<meta property=\"og:title\" content=\"Entgratb\u00fcrstenteller\" \/>\n<meta property=\"og:description\" content=\"Verf\u00fcgbar in mehreren K\u00f6rnungen (60, 80, 120) f\u00fcr variable Oberfl\u00e4chenqualit\u00e4tAnpassbare Besatzh\u00f6he (18mm bis 50mm) und -neigung (+15\u00b0 bis -15\u00b0)Geeignet f\u00fcr Rechtslauf, Linkslauf und neutrale DrehrichtungAuswahl an Durchmessern (115, 125, 155 mm) f\u00fcr unterschiedliche EinsatzbereichePassgenaue Aufnahmeoptionen: Bohrung 25 mm oder QUICK-System\" \/>\n<meta property=\"og:url\" content=\"https:\/\/boeck-technology.de\/en\/shop\/cutting-tools\/deburring-edge-rounding-finishing\/deburring-brush-disc-2\/\" \/>\n<meta property=\"og:site_name\" content=\"boeck GmbH\" \/>\n<meta property=\"article:publisher\" content=\"https:\/\/www.facebook.com\/boeck-GmbH-116687710252350\" \/>\n<meta property=\"article:modified_time\" content=\"2026-03-21T09:57:54+00:00\" \/>\n<meta property=\"og:image\" content=\"https:\/\/boeck-technology.de\/wp-content\/uploads\/2025\/07\/art_3428.png\" \/>\n\t<meta property=\"og:image:width\" content=\"500\" \/>\n\t<meta property=\"og:image:height\" content=\"280\" \/>\n\t<meta property=\"og:image:type\" content=\"image\/png\" \/>\n<meta name=\"twitter:card\" content=\"summary_large_image\" \/>\n<script type=\"application\/ld+json\" class=\"yoast-schema-graph\">{\"@context\":\"https:\\\/\\\/schema.org\",\"@graph\":[{\"@type\":\"WebPage\",\"@id\":\"https:\\\/\\\/boeck-technology.de\\\/shop\\\/zerspanungswerkzeuge\\\/entgraten-verrunden-finish\\\/entgratbuerstenteller\\\/\",\"url\":\"https:\\\/\\\/boeck-technology.de\\\/shop\\\/zerspanungswerkzeuge\\\/entgraten-verrunden-finish\\\/entgratbuerstenteller\\\/\",\"name\":\"Entgratb\u00fcrstenteller - Entgraten, Verrunden &amp; Finish - boeck GmbH\",\"isPartOf\":{\"@id\":\"https:\\\/\\\/boeck-technology.de\\\/#website\"},\"primaryImageOfPage\":{\"@id\":\"https:\\\/\\\/boeck-technology.de\\\/shop\\\/zerspanungswerkzeuge\\\/entgraten-verrunden-finish\\\/entgratbuerstenteller\\\/#primaryimage\"},\"image\":{\"@id\":\"https:\\\/\\\/boeck-technology.de\\\/shop\\\/zerspanungswerkzeuge\\\/entgraten-verrunden-finish\\\/entgratbuerstenteller\\\/#primaryimage\"},\"thumbnailUrl\":\"https:\\\/\\\/boeck-technology.de\\\/wp-content\\\/uploads\\\/2025\\\/07\\\/art_3428.png\",\"datePublished\":\"2025-07-16T11:21:24+00:00\",\"dateModified\":\"2026-03-21T09:57:54+00:00\",\"breadcrumb\":{\"@id\":\"https:\\\/\\\/boeck-technology.de\\\/shop\\\/zerspanungswerkzeuge\\\/entgraten-verrunden-finish\\\/entgratbuerstenteller\\\/#breadcrumb\"},\"inLanguage\":\"en-US\",\"potentialAction\":[{\"@type\":\"ReadAction\",\"target\":[\"https:\\\/\\\/boeck-technology.de\\\/shop\\\/zerspanungswerkzeuge\\\/entgraten-verrunden-finish\\\/entgratbuerstenteller\\\/\"]}]},{\"@type\":\"ImageObject\",\"inLanguage\":\"en-US\",\"@id\":\"https:\\\/\\\/boeck-technology.de\\\/shop\\\/zerspanungswerkzeuge\\\/entgraten-verrunden-finish\\\/entgratbuerstenteller\\\/#primaryimage\",\"url\":\"https:\\\/\\\/boeck-technology.de\\\/wp-content\\\/uploads\\\/2025\\\/07\\\/art_3428.png\",\"contentUrl\":\"https:\\\/\\\/boeck-technology.de\\\/wp-content\\\/uploads\\\/2025\\\/07\\\/art_3428.png\",\"width\":500,\"height\":280},{\"@type\":\"BreadcrumbList\",\"@id\":\"https:\\\/\\\/boeck-technology.de\\\/shop\\\/zerspanungswerkzeuge\\\/entgraten-verrunden-finish\\\/entgratbuerstenteller\\\/#breadcrumb\",\"itemListElement\":[{\"@type\":\"ListItem\",\"position\":1,\"name\":\"Startseite\",\"item\":\"https:\\\/\\\/boeck-technology.de\\\/\"},{\"@type\":\"ListItem\",\"position\":2,\"name\":\"Produkte\",\"item\":\"https:\\\/\\\/boeck-technology.de\\\/shop\\\/\"},{\"@type\":\"ListItem\",\"position\":3,\"name\":\"Entgratb\u00fcrstenteller\"}]},{\"@type\":\"WebSite\",\"@id\":\"https:\\\/\\\/boeck-technology.de\\\/#website\",\"url\":\"https:\\\/\\\/boeck-technology.de\\\/\",\"name\":\"boeck GmbH\",\"description\":\"Ma\u00dfgeschneiderte Werkzeugl\u00f6sungen f\u00fcr Blechentgratung\",\"publisher\":{\"@id\":\"https:\\\/\\\/boeck-technology.de\\\/#organization\"},\"potentialAction\":[{\"@type\":\"SearchAction\",\"target\":{\"@type\":\"EntryPoint\",\"urlTemplate\":\"https:\\\/\\\/boeck-technology.de\\\/?s={search_term_string}\"},\"query-input\":{\"@type\":\"PropertyValueSpecification\",\"valueRequired\":true,\"valueName\":\"search_term_string\"}}],\"inLanguage\":\"en-US\"},{\"@type\":\"Organization\",\"@id\":\"https:\\\/\\\/boeck-technology.de\\\/#organization\",\"name\":\"boeck GmbH\",\"url\":\"https:\\\/\\\/boeck-technology.de\\\/\",\"logo\":{\"@type\":\"ImageObject\",\"inLanguage\":\"en-US\",\"@id\":\"https:\\\/\\\/boeck-technology.de\\\/#\\\/schema\\\/logo\\\/image\\\/\",\"url\":\"https:\\\/\\\/boeck-technology.de\\\/wp-content\\\/uploads\\\/2021\\\/06\\\/boeck_logo_farbe-e1646758378588.png\",\"contentUrl\":\"https:\\\/\\\/boeck-technology.de\\\/wp-content\\\/uploads\\\/2021\\\/06\\\/boeck_logo_farbe-e1646758378588.png\",\"width\":250,\"height\":90,\"caption\":\"boeck GmbH\"},\"image\":{\"@id\":\"https:\\\/\\\/boeck-technology.de\\\/#\\\/schema\\\/logo\\\/image\\\/\"},\"sameAs\":[\"https:\\\/\\\/www.facebook.com\\\/boeck-GmbH-116687710252350\"]}]}<\/script>\n<!-- \/ Yoast SEO Premium plugin. -->","yoast_head_json":{"title":"Deburring brush plates - Deburring, rounding &amp; finishing - boeck GmbH","robots":{"index":"index","follow":"follow","max-snippet":"max-snippet:-1","max-image-preview":"max-image-preview:large","max-video-preview":"max-video-preview:-1"},"canonical":"https:\/\/boeck-technology.de\/en\/shop\/cutting-tools\/deburring-edge-rounding-finishing\/deburring-brush-disc-2\/","og_locale":"en_US","og_type":"article","og_title":"Entgratb\u00fcrstenteller","og_description":"Verf\u00fcgbar in mehreren K\u00f6rnungen (60, 80, 120) f\u00fcr variable Oberfl\u00e4chenqualit\u00e4tAnpassbare Besatzh\u00f6he (18mm bis 50mm) und -neigung (+15\u00b0 bis -15\u00b0)Geeignet f\u00fcr Rechtslauf, Linkslauf und neutrale DrehrichtungAuswahl an Durchmessern (115, 125, 155 mm) f\u00fcr unterschiedliche EinsatzbereichePassgenaue Aufnahmeoptionen: Bohrung 25 mm oder QUICK-System","og_url":"https:\/\/boeck-technology.de\/en\/shop\/cutting-tools\/deburring-edge-rounding-finishing\/deburring-brush-disc-2\/","og_site_name":"boeck GmbH","article_publisher":"https:\/\/www.facebook.com\/boeck-GmbH-116687710252350","article_modified_time":"2026-03-21T09:57:54+00:00","og_image":[{"width":500,"height":280,"url":"https:\/\/boeck-technology.de\/wp-content\/uploads\/2025\/07\/art_3428.png","type":"image\/png"}],"twitter_card":"summary_large_image","schema":{"@context":"https:\/\/schema.org","@graph":[{"@type":"WebPage","@id":"https:\/\/boeck-technology.de\/shop\/zerspanungswerkzeuge\/entgraten-verrunden-finish\/entgratbuerstenteller\/","url":"https:\/\/boeck-technology.de\/shop\/zerspanungswerkzeuge\/entgraten-verrunden-finish\/entgratbuerstenteller\/","name":"Deburring brush plates - Deburring, rounding &amp; finishing - boeck GmbH","isPartOf":{"@id":"https:\/\/boeck-technology.de\/#website"},"primaryImageOfPage":{"@id":"https:\/\/boeck-technology.de\/shop\/zerspanungswerkzeuge\/entgraten-verrunden-finish\/entgratbuerstenteller\/#primaryimage"},"image":{"@id":"https:\/\/boeck-technology.de\/shop\/zerspanungswerkzeuge\/entgraten-verrunden-finish\/entgratbuerstenteller\/#primaryimage"},"thumbnailUrl":"https:\/\/boeck-technology.de\/wp-content\/uploads\/2025\/07\/art_3428.png","datePublished":"2025-07-16T11:21:24+00:00","dateModified":"2026-03-21T09:57:54+00:00","breadcrumb":{"@id":"https:\/\/boeck-technology.de\/shop\/zerspanungswerkzeuge\/entgraten-verrunden-finish\/entgratbuerstenteller\/#breadcrumb"},"inLanguage":"en-US","potentialAction":[{"@type":"ReadAction","target":["https:\/\/boeck-technology.de\/shop\/zerspanungswerkzeuge\/entgraten-verrunden-finish\/entgratbuerstenteller\/"]}]},{"@type":"ImageObject","inLanguage":"en-US","@id":"https:\/\/boeck-technology.de\/shop\/zerspanungswerkzeuge\/entgraten-verrunden-finish\/entgratbuerstenteller\/#primaryimage","url":"https:\/\/boeck-technology.de\/wp-content\/uploads\/2025\/07\/art_3428.png","contentUrl":"https:\/\/boeck-technology.de\/wp-content\/uploads\/2025\/07\/art_3428.png","width":500,"height":280},{"@type":"BreadcrumbList","@id":"https:\/\/boeck-technology.de\/shop\/zerspanungswerkzeuge\/entgraten-verrunden-finish\/entgratbuerstenteller\/#breadcrumb","itemListElement":[{"@type":"ListItem","position":1,"name":"Startseite","item":"https:\/\/boeck-technology.de\/"},{"@type":"ListItem","position":2,"name":"Produkte","item":"https:\/\/boeck-technology.de\/shop\/"},{"@type":"ListItem","position":3,"name":"Entgratb\u00fcrstenteller"}]},{"@type":"WebSite","@id":"https:\/\/boeck-technology.de\/#website","url":"https:\/\/boeck-technology.de\/","name":"boeck GmbH","description":"Customized tool solutions for sheet metal deburring","publisher":{"@id":"https:\/\/boeck-technology.de\/#organization"},"potentialAction":[{"@type":"SearchAction","target":{"@type":"EntryPoint","urlTemplate":"https:\/\/boeck-technology.de\/?s={search_term_string}"},"query-input":{"@type":"PropertyValueSpecification","valueRequired":true,"valueName":"search_term_string"}}],"inLanguage":"en-US"},{"@type":"Organization","@id":"https:\/\/boeck-technology.de\/#organization","name":"boeck GmbH","url":"https:\/\/boeck-technology.de\/","logo":{"@type":"ImageObject","inLanguage":"en-US","@id":"https:\/\/boeck-technology.de\/#\/schema\/logo\/image\/","url":"https:\/\/boeck-technology.de\/wp-content\/uploads\/2021\/06\/boeck_logo_farbe-e1646758378588.png","contentUrl":"https:\/\/boeck-technology.de\/wp-content\/uploads\/2021\/06\/boeck_logo_farbe-e1646758378588.png","width":250,"height":90,"caption":"boeck GmbH"},"image":{"@id":"https:\/\/boeck-technology.de\/#\/schema\/logo\/image\/"},"sameAs":["https:\/\/www.facebook.com\/boeck-GmbH-116687710252350"]}]}},"_links":{"self":[{"href":"https:\/\/boeck-technology.de\/en\/wp-json\/wp\/v2\/product\/6074056","targetHints":{"allow":["GET"]}}],"collection":[{"href":"https:\/\/boeck-technology.de\/en\/wp-json\/wp\/v2\/product"}],"about":[{"href":"https:\/\/boeck-technology.de\/en\/wp-json\/wp\/v2\/types\/product"}],"wp:featuredmedia":[{"embeddable":true,"href":"https:\/\/boeck-technology.de\/en\/wp-json\/wp\/v2\/media\/6074018"}],"wp:attachment":[{"href":"https:\/\/boeck-technology.de\/en\/wp-json\/wp\/v2\/media?parent=6074056"}],"wp:term":[{"taxonomy":"product_brand","embeddable":true,"href":"https:\/\/boeck-technology.de\/en\/wp-json\/wp\/v2\/product_brand?post=6074056"},{"taxonomy":"product_cat","embeddable":true,"href":"https:\/\/boeck-technology.de\/en\/wp-json\/wp\/v2\/product_cat?post=6074056"},{"taxonomy":"product_tag","embeddable":true,"href":"https:\/\/boeck-technology.de\/en\/wp-json\/wp\/v2\/product_tag?post=6074056"}],"curies":[{"name":"wp","href":"https:\/\/api.w.org\/{rel}","templated":true}]}}