{"id":6079092,"date":"2026-02-20T14:38:55","date_gmt":"2026-02-20T13:38:55","guid":{"rendered":"https:\/\/bt25.wpm24.de\/?post_type=product&#038;p=6079092"},"modified":"2026-04-09T11:56:49","modified_gmt":"2026-04-09T09:56:49","slug":"disco-in-velcro-abrasivo-legno","status":"publish","type":"product","link":"https:\/\/boeck-technology.de\/it\/shop\/holzwerkzeuge\/schleifen\/schleifklettscheibe-holz\/","title":{"rendered":"Disco in velcro abrasivo"},"content":{"rendered":"<p>Die Schleifklettscheibe ist ein vielseitiges Schleifwerkzeug, das in verschiedenen K\u00f6rnungen von 60 bis 180 erh\u00e4ltlich ist. Sie bietet eine neutrale Drehrichtung und ist in mehreren Durchmessern von 125 mm bis 400 mm verf\u00fcgbar. Das Klettsystem erm\u00f6glicht einen schnellen und einfachen Wechsel des Schleifmittels. Dadurch eignet sie sich ideal f\u00fcr verschiedenste Anwendungen im industriellen Bereich.<\/p>","protected":false},"excerpt":{"rendered":"<ul>\n<li>Verf\u00fcgbar in K\u00f6rnungen 40, 60, 80, 120, 150 und 180<\/li>\n<li>Neutrale Drehrichtung f\u00fcr flexible Nutzung<\/li>\n<li>Mehrere Durchmesser von 125 mm bis 400 mm<\/li>\n<li>Klettsystem f\u00fcr schnellen Schleifmittelwechsel<\/li>\n<\/ul>","protected":false},"featured_media":6074038,"template":"","meta":{"_acf_changed":false},"product_brand":[],"product_cat":[2560],"product_tag":[],"class_list":{"0":"post-6079092","1":"product","2":"type-product","3":"status-publish","4":"has-post-thumbnail","6":"product_cat-schleifen","8":"first","9":"instock","10":"purchasable","11":"product-type-simple"},"acf":[],"yoast_head":"<!-- This site is optimized with the Yoast SEO Premium plugin v18.3 (Yoast SEO v27.4) - https:\/\/yoast.com\/product\/yoast-seo-premium-wordpress\/ -->\n<title>Schleifklettscheibe - Schleifen - boeck GmbH<\/title>\n<meta name=\"robots\" content=\"index, follow, max-snippet:-1, max-image-preview:large, max-video-preview:-1\" \/>\n<link rel=\"canonical\" href=\"https:\/\/boeck-technology.de\/it\/negozio\/utensili-di-legno\/rettifica\/disco-in-velcro-abrasivo-legno\/\" \/>\n<meta property=\"og:locale\" content=\"it_IT\" \/>\n<meta property=\"og:type\" content=\"article\" \/>\n<meta property=\"og:title\" content=\"Schleifklettscheibe\" \/>\n<meta property=\"og:description\" content=\"Verf\u00fcgbar in K\u00f6rnungen 40, 60, 80, 120, 150 und 180  Neutrale Drehrichtung f\u00fcr flexible Nutzung  Mehrere Durchmesser von 125 mm bis 400 mm  Klettsystem f\u00fcr schnellen Schleifmittelwechsel\" \/>\n<meta property=\"og:url\" content=\"https:\/\/boeck-technology.de\/it\/negozio\/utensili-di-legno\/rettifica\/disco-in-velcro-abrasivo-legno\/\" \/>\n<meta property=\"og:site_name\" content=\"boeck GmbH\" \/>\n<meta property=\"article:publisher\" content=\"https:\/\/www.facebook.com\/boeck-GmbH-116687710252350\" \/>\n<meta property=\"article:modified_time\" content=\"2026-04-09T09:56:49+00:00\" \/>\n<meta property=\"og:image\" content=\"https:\/\/boeck-technology.de\/wp-content\/uploads\/2025\/07\/art_399.png\" \/>\n\t<meta property=\"og:image:width\" content=\"500\" \/>\n\t<meta property=\"og:image:height\" content=\"307\" \/>\n\t<meta property=\"og:image:type\" content=\"image\/png\" \/>\n<meta name=\"twitter:card\" content=\"summary_large_image\" \/>\n<meta name=\"twitter:label1\" content=\"Tempo di lettura stimato\" \/>\n\t<meta name=\"twitter:data1\" content=\"1 minuto\" \/>\n<script type=\"application\/ld+json\" class=\"yoast-schema-graph\">{\"@context\":\"https:\\\/\\\/schema.org\",\"@graph\":[{\"@type\":\"WebPage\",\"@id\":\"https:\\\/\\\/boeck-technology.de\\\/shop\\\/holzwerkzeuge\\\/schleifen\\\/schleifklettscheibe-holz\\\/\",\"url\":\"https:\\\/\\\/boeck-technology.de\\\/shop\\\/holzwerkzeuge\\\/schleifen\\\/schleifklettscheibe-holz\\\/\",\"name\":\"Schleifklettscheibe - Schleifen - boeck GmbH\",\"isPartOf\":{\"@id\":\"https:\\\/\\\/boeck-technology.de\\\/#website\"},\"primaryImageOfPage\":{\"@id\":\"https:\\\/\\\/boeck-technology.de\\\/shop\\\/holzwerkzeuge\\\/schleifen\\\/schleifklettscheibe-holz\\\/#primaryimage\"},\"image\":{\"@id\":\"https:\\\/\\\/boeck-technology.de\\\/shop\\\/holzwerkzeuge\\\/schleifen\\\/schleifklettscheibe-holz\\\/#primaryimage\"},\"thumbnailUrl\":\"https:\\\/\\\/boeck-technology.de\\\/wp-content\\\/uploads\\\/2025\\\/07\\\/art_399.png\",\"datePublished\":\"2026-02-20T13:38:55+00:00\",\"dateModified\":\"2026-04-09T09:56:49+00:00\",\"breadcrumb\":{\"@id\":\"https:\\\/\\\/boeck-technology.de\\\/shop\\\/holzwerkzeuge\\\/schleifen\\\/schleifklettscheibe-holz\\\/#breadcrumb\"},\"inLanguage\":\"it-IT\",\"potentialAction\":[{\"@type\":\"ReadAction\",\"target\":[\"https:\\\/\\\/boeck-technology.de\\\/shop\\\/holzwerkzeuge\\\/schleifen\\\/schleifklettscheibe-holz\\\/\"]}]},{\"@type\":\"ImageObject\",\"inLanguage\":\"it-IT\",\"@id\":\"https:\\\/\\\/boeck-technology.de\\\/shop\\\/holzwerkzeuge\\\/schleifen\\\/schleifklettscheibe-holz\\\/#primaryimage\",\"url\":\"https:\\\/\\\/boeck-technology.de\\\/wp-content\\\/uploads\\\/2025\\\/07\\\/art_399.png\",\"contentUrl\":\"https:\\\/\\\/boeck-technology.de\\\/wp-content\\\/uploads\\\/2025\\\/07\\\/art_399.png\",\"width\":500,\"height\":307},{\"@type\":\"BreadcrumbList\",\"@id\":\"https:\\\/\\\/boeck-technology.de\\\/shop\\\/holzwerkzeuge\\\/schleifen\\\/schleifklettscheibe-holz\\\/#breadcrumb\",\"itemListElement\":[{\"@type\":\"ListItem\",\"position\":1,\"name\":\"Startseite\",\"item\":\"https:\\\/\\\/boeck-technology.de\\\/\"},{\"@type\":\"ListItem\",\"position\":2,\"name\":\"Produkte\",\"item\":\"https:\\\/\\\/boeck-technology.de\\\/shop\\\/\"},{\"@type\":\"ListItem\",\"position\":3,\"name\":\"Schleifklettscheibe\"}]},{\"@type\":\"WebSite\",\"@id\":\"https:\\\/\\\/boeck-technology.de\\\/#website\",\"url\":\"https:\\\/\\\/boeck-technology.de\\\/\",\"name\":\"boeck GmbH\",\"description\":\"Ma\u00dfgeschneiderte Werkzeugl\u00f6sungen f\u00fcr Blechentgratung\",\"publisher\":{\"@id\":\"https:\\\/\\\/boeck-technology.de\\\/#organization\"},\"potentialAction\":[{\"@type\":\"SearchAction\",\"target\":{\"@type\":\"EntryPoint\",\"urlTemplate\":\"https:\\\/\\\/boeck-technology.de\\\/?s={search_term_string}\"},\"query-input\":{\"@type\":\"PropertyValueSpecification\",\"valueRequired\":true,\"valueName\":\"search_term_string\"}}],\"inLanguage\":\"it-IT\"},{\"@type\":\"Organization\",\"@id\":\"https:\\\/\\\/boeck-technology.de\\\/#organization\",\"name\":\"boeck GmbH\",\"url\":\"https:\\\/\\\/boeck-technology.de\\\/\",\"logo\":{\"@type\":\"ImageObject\",\"inLanguage\":\"it-IT\",\"@id\":\"https:\\\/\\\/boeck-technology.de\\\/#\\\/schema\\\/logo\\\/image\\\/\",\"url\":\"https:\\\/\\\/boeck-technology.de\\\/wp-content\\\/uploads\\\/2021\\\/06\\\/boeck_logo_farbe-e1646758378588.png\",\"contentUrl\":\"https:\\\/\\\/boeck-technology.de\\\/wp-content\\\/uploads\\\/2021\\\/06\\\/boeck_logo_farbe-e1646758378588.png\",\"width\":250,\"height\":90,\"caption\":\"boeck GmbH\"},\"image\":{\"@id\":\"https:\\\/\\\/boeck-technology.de\\\/#\\\/schema\\\/logo\\\/image\\\/\"},\"sameAs\":[\"https:\\\/\\\/www.facebook.com\\\/boeck-GmbH-116687710252350\"]}]}<\/script>\n<!-- \/ Yoast SEO Premium plugin. -->","yoast_head_json":{"title":"Disco in velcro abrasivo - Rettifica - boeck GmbH","robots":{"index":"index","follow":"follow","max-snippet":"max-snippet:-1","max-image-preview":"max-image-preview:large","max-video-preview":"max-video-preview:-1"},"canonical":"https:\/\/boeck-technology.de\/it\/negozio\/utensili-di-legno\/rettifica\/disco-in-velcro-abrasivo-legno\/","og_locale":"it_IT","og_type":"article","og_title":"Schleifklettscheibe","og_description":"Verf\u00fcgbar in K\u00f6rnungen 40, 60, 80, 120, 150 und 180  Neutrale Drehrichtung f\u00fcr flexible Nutzung  Mehrere Durchmesser von 125 mm bis 400 mm  Klettsystem f\u00fcr schnellen Schleifmittelwechsel","og_url":"https:\/\/boeck-technology.de\/it\/negozio\/utensili-di-legno\/rettifica\/disco-in-velcro-abrasivo-legno\/","og_site_name":"boeck GmbH","article_publisher":"https:\/\/www.facebook.com\/boeck-GmbH-116687710252350","article_modified_time":"2026-04-09T09:56:49+00:00","og_image":[{"width":500,"height":307,"url":"https:\/\/boeck-technology.de\/wp-content\/uploads\/2025\/07\/art_399.png","type":"image\/png"}],"twitter_card":"summary_large_image","twitter_misc":{"Tempo di lettura stimato":"1 minuto"},"schema":{"@context":"https:\/\/schema.org","@graph":[{"@type":"WebPage","@id":"https:\/\/boeck-technology.de\/shop\/holzwerkzeuge\/schleifen\/schleifklettscheibe-holz\/","url":"https:\/\/boeck-technology.de\/shop\/holzwerkzeuge\/schleifen\/schleifklettscheibe-holz\/","name":"Disco in velcro abrasivo - Rettifica - boeck GmbH","isPartOf":{"@id":"https:\/\/boeck-technology.de\/#website"},"primaryImageOfPage":{"@id":"https:\/\/boeck-technology.de\/shop\/holzwerkzeuge\/schleifen\/schleifklettscheibe-holz\/#primaryimage"},"image":{"@id":"https:\/\/boeck-technology.de\/shop\/holzwerkzeuge\/schleifen\/schleifklettscheibe-holz\/#primaryimage"},"thumbnailUrl":"https:\/\/boeck-technology.de\/wp-content\/uploads\/2025\/07\/art_399.png","datePublished":"2026-02-20T13:38:55+00:00","dateModified":"2026-04-09T09:56:49+00:00","breadcrumb":{"@id":"https:\/\/boeck-technology.de\/shop\/holzwerkzeuge\/schleifen\/schleifklettscheibe-holz\/#breadcrumb"},"inLanguage":"it-IT","potentialAction":[{"@type":"ReadAction","target":["https:\/\/boeck-technology.de\/shop\/holzwerkzeuge\/schleifen\/schleifklettscheibe-holz\/"]}]},{"@type":"ImageObject","inLanguage":"it-IT","@id":"https:\/\/boeck-technology.de\/shop\/holzwerkzeuge\/schleifen\/schleifklettscheibe-holz\/#primaryimage","url":"https:\/\/boeck-technology.de\/wp-content\/uploads\/2025\/07\/art_399.png","contentUrl":"https:\/\/boeck-technology.de\/wp-content\/uploads\/2025\/07\/art_399.png","width":500,"height":307},{"@type":"BreadcrumbList","@id":"https:\/\/boeck-technology.de\/shop\/holzwerkzeuge\/schleifen\/schleifklettscheibe-holz\/#breadcrumb","itemListElement":[{"@type":"ListItem","position":1,"name":"Startseite","item":"https:\/\/boeck-technology.de\/"},{"@type":"ListItem","position":2,"name":"Produkte","item":"https:\/\/boeck-technology.de\/shop\/"},{"@type":"ListItem","position":3,"name":"Schleifklettscheibe"}]},{"@type":"WebSite","@id":"https:\/\/boeck-technology.de\/#website","url":"https:\/\/boeck-technology.de\/","name":"boeck GmbH","description":"Soluzioni di utensili personalizzati per la sbavatura delle lamiere","publisher":{"@id":"https:\/\/boeck-technology.de\/#organization"},"potentialAction":[{"@type":"SearchAction","target":{"@type":"EntryPoint","urlTemplate":"https:\/\/boeck-technology.de\/?s={search_term_string}"},"query-input":{"@type":"PropertyValueSpecification","valueRequired":true,"valueName":"search_term_string"}}],"inLanguage":"it-IT"},{"@type":"Organization","@id":"https:\/\/boeck-technology.de\/#organization","name":"boeck GmbH","url":"https:\/\/boeck-technology.de\/","logo":{"@type":"ImageObject","inLanguage":"it-IT","@id":"https:\/\/boeck-technology.de\/#\/schema\/logo\/image\/","url":"https:\/\/boeck-technology.de\/wp-content\/uploads\/2021\/06\/boeck_logo_farbe-e1646758378588.png","contentUrl":"https:\/\/boeck-technology.de\/wp-content\/uploads\/2021\/06\/boeck_logo_farbe-e1646758378588.png","width":250,"height":90,"caption":"boeck GmbH"},"image":{"@id":"https:\/\/boeck-technology.de\/#\/schema\/logo\/image\/"},"sameAs":["https:\/\/www.facebook.com\/boeck-GmbH-116687710252350"]}]}},"_links":{"self":[{"href":"https:\/\/boeck-technology.de\/it\/wp-json\/wp\/v2\/product\/6079092","targetHints":{"allow":["GET"]}}],"collection":[{"href":"https:\/\/boeck-technology.de\/it\/wp-json\/wp\/v2\/product"}],"about":[{"href":"https:\/\/boeck-technology.de\/it\/wp-json\/wp\/v2\/types\/product"}],"wp:featuredmedia":[{"embeddable":true,"href":"https:\/\/boeck-technology.de\/it\/wp-json\/wp\/v2\/media\/6074038"}],"wp:attachment":[{"href":"https:\/\/boeck-technology.de\/it\/wp-json\/wp\/v2\/media?parent=6079092"}],"wp:term":[{"taxonomy":"product_brand","embeddable":true,"href":"https:\/\/boeck-technology.de\/it\/wp-json\/wp\/v2\/product_brand?post=6079092"},{"taxonomy":"product_cat","embeddable":true,"href":"https:\/\/boeck-technology.de\/it\/wp-json\/wp\/v2\/product_cat?post=6079092"},{"taxonomy":"product_tag","embeddable":true,"href":"https:\/\/boeck-technology.de\/it\/wp-json\/wp\/v2\/product_tag?post=6079092"}],"curies":[{"name":"wp","href":"https:\/\/api.w.org\/{rel}","templated":true}]}}