{"id":6027586,"date":"2023-09-06T15:45:47","date_gmt":"2023-09-06T13:45:47","guid":{"rendered":"https:\/\/boeck-technology.de\/?page_id=6027586"},"modified":"2025-01-21T16:14:11","modified_gmt":"2025-01-21T15:14:11","slug":"ontbraamrol","status":"publish","type":"page","link":"https:\/\/boeck-technology.de\/nl\/entgratwalze\/","title":{"rendered":"Ontbraamrol"},"content":{"rendered":"","protected":true},"excerpt":{"rendered":"","protected":true},"author":34,"featured_media":0,"parent":0,"menu_order":0,"comment_status":"closed","ping_status":"closed","template":"","meta":{"_acf_changed":false,"footnotes":""},"class_list":["post-6027586","page","type-page","status-publish","post-password-required","hentry"],"acf":[],"yoast_head":"<!-- This site is optimized with the Yoast SEO Premium plugin v18.3 (Yoast SEO v27.4) - https:\/\/yoast.com\/product\/yoast-seo-premium-wordpress\/ -->\n<title>Entgratwalze f\u00fcr pr\u00e4zises Entgraten und Verrunden - boeck GmbH<\/title>\n<meta name=\"description\" content=\"Finden Sie heraus, wie Sie Ihr Entgraten und Verrunden erheblich verbessern k\u00f6nnen \u2713 boeck Entgratwalze f\u00fcr Ihre Maschine \u2713 Made in Germany\" \/>\n<meta name=\"robots\" content=\"index, follow, max-snippet:-1, max-image-preview:large, max-video-preview:-1\" \/>\n<link rel=\"canonical\" href=\"https:\/\/boeck-technology.de\/nl\/ontbraamrol\/\" \/>\n<meta property=\"og:locale\" content=\"nl_NL\" \/>\n<meta property=\"og:type\" content=\"article\" \/>\n<meta property=\"og:title\" content=\"Entgratwalze\" \/>\n<meta property=\"og:description\" content=\"Finden Sie heraus, wie Sie Ihr Entgraten und Verrunden erheblich verbessern k\u00f6nnen \u2713 boeck Entgratwalze f\u00fcr Ihre Maschine \u2713 Made in Germany\" \/>\n<meta property=\"og:url\" content=\"https:\/\/boeck-technology.de\/nl\/ontbraamrol\/\" \/>\n<meta property=\"og:site_name\" content=\"boeck GmbH\" \/>\n<meta property=\"article:publisher\" content=\"https:\/\/www.facebook.com\/boeck-GmbH-116687710252350\" \/>\n<meta property=\"article:modified_time\" content=\"2025-01-21T15:14:11+00:00\" \/>\n<meta name=\"twitter:card\" content=\"summary_large_image\" \/>\n<meta name=\"twitter:label1\" content=\"Geschatte leestijd\" \/>\n\t<meta name=\"twitter:data1\" content=\"15 minuten\" \/>\n<script type=\"application\/ld+json\" class=\"yoast-schema-graph\">{\"@context\":\"https:\\\/\\\/schema.org\",\"@graph\":[{\"@type\":\"WebPage\",\"@id\":\"https:\\\/\\\/boeck-technology.de\\\/entgratwalze\\\/\",\"url\":\"https:\\\/\\\/boeck-technology.de\\\/entgratwalze\\\/\",\"name\":\"Entgratwalze f\u00fcr pr\u00e4zises Entgraten und Verrunden - boeck GmbH\",\"isPartOf\":{\"@id\":\"https:\\\/\\\/boeck-technology.de\\\/#website\"},\"datePublished\":\"2023-09-06T13:45:47+00:00\",\"dateModified\":\"2025-01-21T15:14:11+00:00\",\"breadcrumb\":{\"@id\":\"https:\\\/\\\/boeck-technology.de\\\/entgratwalze\\\/#breadcrumb\"},\"inLanguage\":\"nl-NL\"},{\"@type\":\"WebSite\",\"@id\":\"https:\\\/\\\/boeck-technology.de\\\/#website\",\"url\":\"https:\\\/\\\/boeck-technology.de\\\/\",\"name\":\"boeck GmbH\",\"description\":\"Ma\u00dfgeschneiderte Werkzeugl\u00f6sungen f\u00fcr Blechentgratung\",\"publisher\":{\"@id\":\"https:\\\/\\\/boeck-technology.de\\\/#organization\"},\"potentialAction\":[{\"@type\":\"SearchAction\",\"target\":{\"@type\":\"EntryPoint\",\"urlTemplate\":\"https:\\\/\\\/boeck-technology.de\\\/?s={search_term_string}\"},\"query-input\":{\"@type\":\"PropertyValueSpecification\",\"valueRequired\":true,\"valueName\":\"search_term_string\"}}],\"inLanguage\":\"nl-NL\"},{\"@type\":\"Organization\",\"@id\":\"https:\\\/\\\/boeck-technology.de\\\/#organization\",\"name\":\"boeck GmbH\",\"url\":\"https:\\\/\\\/boeck-technology.de\\\/\",\"logo\":{\"@type\":\"ImageObject\",\"inLanguage\":\"nl-NL\",\"@id\":\"https:\\\/\\\/boeck-technology.de\\\/#\\\/schema\\\/logo\\\/image\\\/\",\"url\":\"https:\\\/\\\/boeck-technology.de\\\/wp-content\\\/uploads\\\/2021\\\/06\\\/boeck_logo_farbe-e1646758378588.png\",\"contentUrl\":\"https:\\\/\\\/boeck-technology.de\\\/wp-content\\\/uploads\\\/2021\\\/06\\\/boeck_logo_farbe-e1646758378588.png\",\"width\":250,\"height\":90,\"caption\":\"boeck GmbH\"},\"image\":{\"@id\":\"https:\\\/\\\/boeck-technology.de\\\/#\\\/schema\\\/logo\\\/image\\\/\"},\"sameAs\":[\"https:\\\/\\\/www.facebook.com\\\/boeck-GmbH-116687710252350\"]}]}<\/script>\n<!-- \/ Yoast SEO Premium plugin. -->","yoast_head_json":{"title":"Entgratwalze f\u00fcr pr\u00e4zises Entgraten und Verrunden - boeck GmbH","description":"Finden Sie heraus, wie Sie Ihr Entgraten und Verrunden erheblich verbessern k\u00f6nnen \u2713 boeck Entgratwalze f\u00fcr Ihre Maschine \u2713 Made in Germany","robots":{"index":"index","follow":"follow","max-snippet":"max-snippet:-1","max-image-preview":"max-image-preview:large","max-video-preview":"max-video-preview:-1"},"canonical":"https:\/\/boeck-technology.de\/nl\/ontbraamrol\/","og_locale":"nl_NL","og_type":"article","og_title":"Entgratwalze","og_description":"Finden Sie heraus, wie Sie Ihr Entgraten und Verrunden erheblich verbessern k\u00f6nnen \u2713 boeck Entgratwalze f\u00fcr Ihre Maschine \u2713 Made in Germany","og_url":"https:\/\/boeck-technology.de\/nl\/ontbraamrol\/","og_site_name":"boeck GmbH","article_publisher":"https:\/\/www.facebook.com\/boeck-GmbH-116687710252350","article_modified_time":"2025-01-21T15:14:11+00:00","twitter_card":"summary_large_image","twitter_misc":{"Geschatte leestijd":"15 minuten"},"schema":{"@context":"https:\/\/schema.org","@graph":[{"@type":"WebPage","@id":"https:\/\/boeck-technology.de\/entgratwalze\/","url":"https:\/\/boeck-technology.de\/entgratwalze\/","name":"Entgratwalze f\u00fcr pr\u00e4zises Entgraten und Verrunden - boeck GmbH","isPartOf":{"@id":"https:\/\/boeck-technology.de\/#website"},"datePublished":"2023-09-06T13:45:47+00:00","dateModified":"2025-01-21T15:14:11+00:00","breadcrumb":{"@id":"https:\/\/boeck-technology.de\/entgratwalze\/#breadcrumb"},"inLanguage":"nl-NL"},{"@type":"WebSite","@id":"https:\/\/boeck-technology.de\/#website","url":"https:\/\/boeck-technology.de\/","name":"boeck GmbH","description":"Op maat gemaakte gereedschapoplossingen voor het ontbramen van plaatmetaal","publisher":{"@id":"https:\/\/boeck-technology.de\/#organization"},"potentialAction":[{"@type":"SearchAction","target":{"@type":"EntryPoint","urlTemplate":"https:\/\/boeck-technology.de\/?s={search_term_string}"},"query-input":{"@type":"PropertyValueSpecification","valueRequired":true,"valueName":"search_term_string"}}],"inLanguage":"nl-NL"},{"@type":"Organization","@id":"https:\/\/boeck-technology.de\/#organization","name":"boeck GmbH","url":"https:\/\/boeck-technology.de\/","logo":{"@type":"ImageObject","inLanguage":"nl-NL","@id":"https:\/\/boeck-technology.de\/#\/schema\/logo\/image\/","url":"https:\/\/boeck-technology.de\/wp-content\/uploads\/2021\/06\/boeck_logo_farbe-e1646758378588.png","contentUrl":"https:\/\/boeck-technology.de\/wp-content\/uploads\/2021\/06\/boeck_logo_farbe-e1646758378588.png","width":250,"height":90,"caption":"boeck GmbH"},"image":{"@id":"https:\/\/boeck-technology.de\/#\/schema\/logo\/image\/"},"sameAs":["https:\/\/www.facebook.com\/boeck-GmbH-116687710252350"]}]}},"_links":{"self":[{"href":"https:\/\/boeck-technology.de\/nl\/wp-json\/wp\/v2\/pages\/6027586","targetHints":{"allow":["GET"]}}],"collection":[{"href":"https:\/\/boeck-technology.de\/nl\/wp-json\/wp\/v2\/pages"}],"about":[{"href":"https:\/\/boeck-technology.de\/nl\/wp-json\/wp\/v2\/types\/page"}],"author":[{"embeddable":true,"href":"https:\/\/boeck-technology.de\/nl\/wp-json\/wp\/v2\/users\/34"}],"replies":[{"embeddable":true,"href":"https:\/\/boeck-technology.de\/nl\/wp-json\/wp\/v2\/comments?post=6027586"}],"version-history":[{"count":0,"href":"https:\/\/boeck-technology.de\/nl\/wp-json\/wp\/v2\/pages\/6027586\/revisions"}],"wp:attachment":[{"href":"https:\/\/boeck-technology.de\/nl\/wp-json\/wp\/v2\/media?parent=6027586"}],"curies":[{"name":"wp","href":"https:\/\/api.w.org\/{rel}","templated":true}]}}