{"id":6074054,"date":"2025-07-16T13:21:24","date_gmt":"2025-07-16T11:21:24","guid":{"rendered":"https:\/\/bt25.wpm24.de\/shop\/unkategorisiert\/entgratbuerstenpinsel-2\/"},"modified":"2026-02-25T10:05:56","modified_gmt":"2026-02-25T09:05:56","slug":"ontbraamborstel-potlood","status":"publish","type":"product","link":"https:\/\/boeck-technology.de\/nl\/shop\/zerspanungswerkzeuge\/entgraten-verrunden-finish\/entgratbuerstenpinsel\/","title":{"rendered":"Ontbraamborstel potlood"},"content":{"rendered":"<p>De ontbraamborstel is een hoogwaardig gereedschap voor het effectief verwijderen van bramen en voor het afwerken van oppervlakken. Hij is verkrijgbaar in verschillende korrelgroottes en diameters voor optimale aanpassing aan diverse toepassingen. De keuze aan schachtvormen en draairichtingen garandeert maximale compatibiliteit met standaardmachines. De robuuste constructie zorgt voor nauwkeurige en consistente resultaten.<\/p>","protected":false},"excerpt":{"rendered":"<ul>\n<li>Effiziente Entfernung von Graten und Verunreinigungen<\/li>\n<li>Vielf\u00e4ltige Auswahl an K\u00f6rnungen und Durchmessern<\/li>\n<li>Kompatibel mit verschiedenen Aufnahmen und Drehrichtungen<\/li>\n<li>Robuste und langlebige Bauweise<\/li>\n<li>Pr\u00e4zise und gleichm\u00e4\u00dfige Oberfl\u00e4chenbearbeitung<\/li>\n<\/ul>","protected":false},"featured_media":6074016,"template":"","meta":{"_acf_changed":false},"product_brand":[],"product_cat":[2535],"product_tag":[],"class_list":{"0":"post-6074054","1":"product","2":"type-product","3":"status-publish","4":"has-post-thumbnail","6":"product_cat-entgraten-verrunden-finish","8":"first","9":"instock","10":"purchasable","11":"product-type-simple"},"acf":[],"yoast_head":"<!-- This site is optimized with the Yoast SEO Premium plugin v18.3 (Yoast SEO v27.4) - https:\/\/yoast.com\/product\/yoast-seo-premium-wordpress\/ -->\n<title>Entgratb\u00fcrstenpinsel - Entgraten, Verrunden &amp; Finish - boeck GmbH<\/title>\n<meta name=\"robots\" content=\"index, follow, max-snippet:-1, max-image-preview:large, max-video-preview:-1\" \/>\n<link rel=\"canonical\" href=\"https:\/\/boeck-technology.de\/nl\/winkel\/verspaningsgereedschap\/ontbramen-afronden-afwerking\/ontbraamborstel-potlood\/\" \/>\n<meta property=\"og:locale\" content=\"nl_NL\" \/>\n<meta property=\"og:type\" content=\"article\" \/>\n<meta property=\"og:title\" content=\"Entgratb\u00fcrstenpinsel\" \/>\n<meta property=\"og:description\" content=\"Effiziente Entfernung von Graten und VerunreinigungenVielf\u00e4ltige Auswahl an K\u00f6rnungen und DurchmessernKompatibel mit verschiedenen Aufnahmen und DrehrichtungenRobuste und langlebige BauweisePr\u00e4zise und gleichm\u00e4\u00dfige Oberfl\u00e4chenbearbeitung\" \/>\n<meta property=\"og:url\" content=\"https:\/\/boeck-technology.de\/nl\/winkel\/verspaningsgereedschap\/ontbramen-afronden-afwerking\/ontbraamborstel-potlood\/\" \/>\n<meta property=\"og:site_name\" content=\"boeck GmbH\" \/>\n<meta property=\"article:publisher\" content=\"https:\/\/www.facebook.com\/boeck-GmbH-116687710252350\" \/>\n<meta property=\"article:modified_time\" content=\"2026-02-25T09:05:56+00:00\" \/>\n<meta property=\"og:image\" content=\"https:\/\/boeck-technology.de\/wp-content\/uploads\/2025\/07\/art_2475.png\" \/>\n\t<meta property=\"og:image:width\" content=\"500\" \/>\n\t<meta property=\"og:image:height\" content=\"500\" \/>\n\t<meta property=\"og:image:type\" content=\"image\/png\" \/>\n<meta name=\"twitter:card\" content=\"summary_large_image\" \/>\n<script type=\"application\/ld+json\" class=\"yoast-schema-graph\">{\"@context\":\"https:\\\/\\\/schema.org\",\"@graph\":[{\"@type\":\"WebPage\",\"@id\":\"https:\\\/\\\/boeck-technology.de\\\/shop\\\/zerspanungswerkzeuge\\\/entgraten-verrunden-finish\\\/entgratbuerstenpinsel\\\/\",\"url\":\"https:\\\/\\\/boeck-technology.de\\\/shop\\\/zerspanungswerkzeuge\\\/entgraten-verrunden-finish\\\/entgratbuerstenpinsel\\\/\",\"name\":\"Entgratb\u00fcrstenpinsel - Entgraten, Verrunden &amp; Finish - boeck GmbH\",\"isPartOf\":{\"@id\":\"https:\\\/\\\/boeck-technology.de\\\/#website\"},\"primaryImageOfPage\":{\"@id\":\"https:\\\/\\\/boeck-technology.de\\\/shop\\\/zerspanungswerkzeuge\\\/entgraten-verrunden-finish\\\/entgratbuerstenpinsel\\\/#primaryimage\"},\"image\":{\"@id\":\"https:\\\/\\\/boeck-technology.de\\\/shop\\\/zerspanungswerkzeuge\\\/entgraten-verrunden-finish\\\/entgratbuerstenpinsel\\\/#primaryimage\"},\"thumbnailUrl\":\"https:\\\/\\\/boeck-technology.de\\\/wp-content\\\/uploads\\\/2025\\\/07\\\/art_2475.png\",\"datePublished\":\"2025-07-16T11:21:24+00:00\",\"dateModified\":\"2026-02-25T09:05:56+00:00\",\"breadcrumb\":{\"@id\":\"https:\\\/\\\/boeck-technology.de\\\/shop\\\/zerspanungswerkzeuge\\\/entgraten-verrunden-finish\\\/entgratbuerstenpinsel\\\/#breadcrumb\"},\"inLanguage\":\"nl-NL\",\"potentialAction\":[{\"@type\":\"ReadAction\",\"target\":[\"https:\\\/\\\/boeck-technology.de\\\/shop\\\/zerspanungswerkzeuge\\\/entgraten-verrunden-finish\\\/entgratbuerstenpinsel\\\/\"]}]},{\"@type\":\"ImageObject\",\"inLanguage\":\"nl-NL\",\"@id\":\"https:\\\/\\\/boeck-technology.de\\\/shop\\\/zerspanungswerkzeuge\\\/entgraten-verrunden-finish\\\/entgratbuerstenpinsel\\\/#primaryimage\",\"url\":\"https:\\\/\\\/boeck-technology.de\\\/wp-content\\\/uploads\\\/2025\\\/07\\\/art_2475.png\",\"contentUrl\":\"https:\\\/\\\/boeck-technology.de\\\/wp-content\\\/uploads\\\/2025\\\/07\\\/art_2475.png\",\"width\":500,\"height\":500},{\"@type\":\"BreadcrumbList\",\"@id\":\"https:\\\/\\\/boeck-technology.de\\\/shop\\\/zerspanungswerkzeuge\\\/entgraten-verrunden-finish\\\/entgratbuerstenpinsel\\\/#breadcrumb\",\"itemListElement\":[{\"@type\":\"ListItem\",\"position\":1,\"name\":\"Startseite\",\"item\":\"https:\\\/\\\/boeck-technology.de\\\/\"},{\"@type\":\"ListItem\",\"position\":2,\"name\":\"Produkte\",\"item\":\"https:\\\/\\\/boeck-technology.de\\\/shop\\\/\"},{\"@type\":\"ListItem\",\"position\":3,\"name\":\"Entgratb\u00fcrstenpinsel\"}]},{\"@type\":\"WebSite\",\"@id\":\"https:\\\/\\\/boeck-technology.de\\\/#website\",\"url\":\"https:\\\/\\\/boeck-technology.de\\\/\",\"name\":\"boeck GmbH\",\"description\":\"Ma\u00dfgeschneiderte Werkzeugl\u00f6sungen f\u00fcr Blechentgratung\",\"publisher\":{\"@id\":\"https:\\\/\\\/boeck-technology.de\\\/#organization\"},\"potentialAction\":[{\"@type\":\"SearchAction\",\"target\":{\"@type\":\"EntryPoint\",\"urlTemplate\":\"https:\\\/\\\/boeck-technology.de\\\/?s={search_term_string}\"},\"query-input\":{\"@type\":\"PropertyValueSpecification\",\"valueRequired\":true,\"valueName\":\"search_term_string\"}}],\"inLanguage\":\"nl-NL\"},{\"@type\":\"Organization\",\"@id\":\"https:\\\/\\\/boeck-technology.de\\\/#organization\",\"name\":\"boeck GmbH\",\"url\":\"https:\\\/\\\/boeck-technology.de\\\/\",\"logo\":{\"@type\":\"ImageObject\",\"inLanguage\":\"nl-NL\",\"@id\":\"https:\\\/\\\/boeck-technology.de\\\/#\\\/schema\\\/logo\\\/image\\\/\",\"url\":\"https:\\\/\\\/boeck-technology.de\\\/wp-content\\\/uploads\\\/2021\\\/06\\\/boeck_logo_farbe-e1646758378588.png\",\"contentUrl\":\"https:\\\/\\\/boeck-technology.de\\\/wp-content\\\/uploads\\\/2021\\\/06\\\/boeck_logo_farbe-e1646758378588.png\",\"width\":250,\"height\":90,\"caption\":\"boeck GmbH\"},\"image\":{\"@id\":\"https:\\\/\\\/boeck-technology.de\\\/#\\\/schema\\\/logo\\\/image\\\/\"},\"sameAs\":[\"https:\\\/\\\/www.facebook.com\\\/boeck-GmbH-116687710252350\"]}]}<\/script>\n<!-- \/ Yoast SEO Premium plugin. -->","yoast_head_json":{"title":"Ontbraamborstels - Ontbramen, afronden &amp; afwerken - boeck GmbH","robots":{"index":"index","follow":"follow","max-snippet":"max-snippet:-1","max-image-preview":"max-image-preview:large","max-video-preview":"max-video-preview:-1"},"canonical":"https:\/\/boeck-technology.de\/nl\/winkel\/verspaningsgereedschap\/ontbramen-afronden-afwerking\/ontbraamborstel-potlood\/","og_locale":"nl_NL","og_type":"article","og_title":"Entgratb\u00fcrstenpinsel","og_description":"Effiziente Entfernung von Graten und VerunreinigungenVielf\u00e4ltige Auswahl an K\u00f6rnungen und DurchmessernKompatibel mit verschiedenen Aufnahmen und DrehrichtungenRobuste und langlebige BauweisePr\u00e4zise und gleichm\u00e4\u00dfige Oberfl\u00e4chenbearbeitung","og_url":"https:\/\/boeck-technology.de\/nl\/winkel\/verspaningsgereedschap\/ontbramen-afronden-afwerking\/ontbraamborstel-potlood\/","og_site_name":"boeck GmbH","article_publisher":"https:\/\/www.facebook.com\/boeck-GmbH-116687710252350","article_modified_time":"2026-02-25T09:05:56+00:00","og_image":[{"width":500,"height":500,"url":"https:\/\/boeck-technology.de\/wp-content\/uploads\/2025\/07\/art_2475.png","type":"image\/png"}],"twitter_card":"summary_large_image","schema":{"@context":"https:\/\/schema.org","@graph":[{"@type":"WebPage","@id":"https:\/\/boeck-technology.de\/shop\/zerspanungswerkzeuge\/entgraten-verrunden-finish\/entgratbuerstenpinsel\/","url":"https:\/\/boeck-technology.de\/shop\/zerspanungswerkzeuge\/entgraten-verrunden-finish\/entgratbuerstenpinsel\/","name":"Ontbraamborstels - Ontbramen, afronden &amp; afwerken - boeck GmbH","isPartOf":{"@id":"https:\/\/boeck-technology.de\/#website"},"primaryImageOfPage":{"@id":"https:\/\/boeck-technology.de\/shop\/zerspanungswerkzeuge\/entgraten-verrunden-finish\/entgratbuerstenpinsel\/#primaryimage"},"image":{"@id":"https:\/\/boeck-technology.de\/shop\/zerspanungswerkzeuge\/entgraten-verrunden-finish\/entgratbuerstenpinsel\/#primaryimage"},"thumbnailUrl":"https:\/\/boeck-technology.de\/wp-content\/uploads\/2025\/07\/art_2475.png","datePublished":"2025-07-16T11:21:24+00:00","dateModified":"2026-02-25T09:05:56+00:00","breadcrumb":{"@id":"https:\/\/boeck-technology.de\/shop\/zerspanungswerkzeuge\/entgraten-verrunden-finish\/entgratbuerstenpinsel\/#breadcrumb"},"inLanguage":"nl-NL","potentialAction":[{"@type":"ReadAction","target":["https:\/\/boeck-technology.de\/shop\/zerspanungswerkzeuge\/entgraten-verrunden-finish\/entgratbuerstenpinsel\/"]}]},{"@type":"ImageObject","inLanguage":"nl-NL","@id":"https:\/\/boeck-technology.de\/shop\/zerspanungswerkzeuge\/entgraten-verrunden-finish\/entgratbuerstenpinsel\/#primaryimage","url":"https:\/\/boeck-technology.de\/wp-content\/uploads\/2025\/07\/art_2475.png","contentUrl":"https:\/\/boeck-technology.de\/wp-content\/uploads\/2025\/07\/art_2475.png","width":500,"height":500},{"@type":"BreadcrumbList","@id":"https:\/\/boeck-technology.de\/shop\/zerspanungswerkzeuge\/entgraten-verrunden-finish\/entgratbuerstenpinsel\/#breadcrumb","itemListElement":[{"@type":"ListItem","position":1,"name":"Startseite","item":"https:\/\/boeck-technology.de\/"},{"@type":"ListItem","position":2,"name":"Produkte","item":"https:\/\/boeck-technology.de\/shop\/"},{"@type":"ListItem","position":3,"name":"Entgratb\u00fcrstenpinsel"}]},{"@type":"WebSite","@id":"https:\/\/boeck-technology.de\/#website","url":"https:\/\/boeck-technology.de\/","name":"boeck GmbH","description":"Op maat gemaakte gereedschapoplossingen voor het ontbramen van plaatmetaal","publisher":{"@id":"https:\/\/boeck-technology.de\/#organization"},"potentialAction":[{"@type":"SearchAction","target":{"@type":"EntryPoint","urlTemplate":"https:\/\/boeck-technology.de\/?s={search_term_string}"},"query-input":{"@type":"PropertyValueSpecification","valueRequired":true,"valueName":"search_term_string"}}],"inLanguage":"nl-NL"},{"@type":"Organization","@id":"https:\/\/boeck-technology.de\/#organization","name":"boeck GmbH","url":"https:\/\/boeck-technology.de\/","logo":{"@type":"ImageObject","inLanguage":"nl-NL","@id":"https:\/\/boeck-technology.de\/#\/schema\/logo\/image\/","url":"https:\/\/boeck-technology.de\/wp-content\/uploads\/2021\/06\/boeck_logo_farbe-e1646758378588.png","contentUrl":"https:\/\/boeck-technology.de\/wp-content\/uploads\/2021\/06\/boeck_logo_farbe-e1646758378588.png","width":250,"height":90,"caption":"boeck GmbH"},"image":{"@id":"https:\/\/boeck-technology.de\/#\/schema\/logo\/image\/"},"sameAs":["https:\/\/www.facebook.com\/boeck-GmbH-116687710252350"]}]}},"_links":{"self":[{"href":"https:\/\/boeck-technology.de\/nl\/wp-json\/wp\/v2\/product\/6074054","targetHints":{"allow":["GET"]}}],"collection":[{"href":"https:\/\/boeck-technology.de\/nl\/wp-json\/wp\/v2\/product"}],"about":[{"href":"https:\/\/boeck-technology.de\/nl\/wp-json\/wp\/v2\/types\/product"}],"wp:featuredmedia":[{"embeddable":true,"href":"https:\/\/boeck-technology.de\/nl\/wp-json\/wp\/v2\/media\/6074016"}],"wp:attachment":[{"href":"https:\/\/boeck-technology.de\/nl\/wp-json\/wp\/v2\/media?parent=6074054"}],"wp:term":[{"taxonomy":"product_brand","embeddable":true,"href":"https:\/\/boeck-technology.de\/nl\/wp-json\/wp\/v2\/product_brand?post=6074054"},{"taxonomy":"product_cat","embeddable":true,"href":"https:\/\/boeck-technology.de\/nl\/wp-json\/wp\/v2\/product_cat?post=6074054"},{"taxonomy":"product_tag","embeddable":true,"href":"https:\/\/boeck-technology.de\/nl\/wp-json\/wp\/v2\/product_tag?post=6074054"}],"curies":[{"name":"wp","href":"https:\/\/api.w.org\/{rel}","templated":true}]}}